{"id":2,"date":"2018-10-15T03:19:53","date_gmt":"2018-10-15T06:19:53","guid":{"rendered":"http:\/\/mulherinteressante.com\/?page_id=2"},"modified":"2025-07-01T10:25:10","modified_gmt":"2025-07-01T13:25:10","slug":"contato","status":"publish","type":"page","link":"https:\/\/mulherinteressante.net\/es\/contato\/","title":{"rendered":"Contacto"},"content":{"rendered":"<h2 class=\"wp-block-heading\">Aviso legal<\/h2>\n\n\n\n<p>El sitio web Mulher Interessante produce contenido exclusivamente informativo y entretenido. Si bien nos comprometemos con la calidad de nuestras publicaciones, no nos responsabilizamos del uso que los lectores hagan de la informaci\u00f3n, los consejos y las recomendaciones disponibles en nuestra plataforma.<\/p>\n\n\n\n<p>Nos reservamos el derecho de modificar o eliminar contenido cuando sea necesario. Tenga en cuenta que cada persona puede tener experiencias diferentes al seguir las sugerencias presentadas en nuestro portal.<\/p>\n\n\n\n<h2 class=\"wp-block-heading\">Contacto<\/h2>\n\n\n\n<p>Para contactar con nuestro equipo, env\u00ede un correo electr\u00f3nico a:<\/p>\n\n\n\n<p><strong data-no-translation=\"\">contato@mulherinteressante.net<\/strong><\/p>","protected":false},"excerpt":{"rendered":"<p>Aviso legal: El sitio web Mulher Interessante produce contenido exclusivamente informativo y entretenido. Si bien nos comprometemos con la calidad de nuestras publicaciones, no nos responsabilizamos del uso que los lectores hagan de la informaci\u00f3n, los consejos y las recomendaciones disponibles en nuestra plataforma. Nos reservamos el derecho de modificar o eliminar contenido cuando sea necesario. Les recordamos que cada [\u2026]<\/p>","protected":false},"author":1,"featured_media":0,"parent":0,"menu_order":0,"comment_status":"closed","ping_status":"open","template":"","meta":{"footnotes":""},"class_list":["post-2","page","type-page","status-publish","hentry"],"yoast_head":"<!-- This site is optimized with the Yoast SEO plugin v27.3 - https:\/\/yoast.com\/product\/yoast-seo-wordpress\/ -->\n<title>Contato - Mulher Interessante<\/title>\n<meta name=\"robots\" content=\"noindex, nofollow\" \/>\n<meta property=\"og:locale\" content=\"es_ES\" \/>\n<meta property=\"og:type\" content=\"article\" \/>\n<meta property=\"og:title\" content=\"Contato - Mulher Interessante\" \/>\n<meta property=\"og:description\" content=\"Aviso Legal O site Mulher Interessante produz conte\u00fado com car\u00e1ter exclusivamente informativo e de entretenimento. Embora nosso compromisso seja com a qualidade das publica\u00e7\u00f5es, n\u00e3o assumimos responsabilidade pelo uso que os leitores fazem das informa\u00e7\u00f5es, dicas e recomenda\u00e7\u00f5es disponibilizadas em nossa plataforma. Reservamos o direito de modificar ou remover conte\u00fados quando necess\u00e1rio. Lembramos que cada [&hellip;]\" \/>\n<meta property=\"og:url\" content=\"https:\/\/mulherinteressante.net\/es\/contato\/\" \/>\n<meta property=\"og:site_name\" content=\"Mulher Interessante\" \/>\n<meta property=\"article:modified_time\" content=\"2025-07-01T13:25:10+00:00\" \/>\n<meta name=\"twitter:card\" content=\"summary_large_image\" \/>\n<meta name=\"twitter:label1\" content=\"Tiempo de lectura\" \/>\n\t<meta name=\"twitter:data1\" content=\"1 minuto\" \/>\n<script type=\"application\/ld+json\" class=\"yoast-schema-graph\">{\"@context\":\"https:\\\/\\\/schema.org\",\"@graph\":[{\"@type\":\"WebPage\",\"@id\":\"https:\\\/\\\/mulherinteressante.net\\\/contato\\\/\",\"url\":\"https:\\\/\\\/mulherinteressante.net\\\/contato\\\/\",\"name\":\"Contato - Mulher Interessante\",\"isPartOf\":{\"@id\":\"https:\\\/\\\/mulherinteressante.net\\\/#website\"},\"datePublished\":\"2018-10-15T06:19:53+00:00\",\"dateModified\":\"2025-07-01T13:25:10+00:00\",\"breadcrumb\":{\"@id\":\"https:\\\/\\\/mulherinteressante.net\\\/contato\\\/#breadcrumb\"},\"inLanguage\":\"es\",\"potentialAction\":[{\"@type\":\"ReadAction\",\"target\":[\"https:\\\/\\\/mulherinteressante.net\\\/contato\\\/\"]}]},{\"@type\":\"BreadcrumbList\",\"@id\":\"https:\\\/\\\/mulherinteressante.net\\\/contato\\\/#breadcrumb\",\"itemListElement\":[{\"@type\":\"ListItem\",\"position\":1,\"name\":\"In\u00edcio\",\"item\":\"https:\\\/\\\/mulherinteressante.net\\\/\"},{\"@type\":\"ListItem\",\"position\":2,\"name\":\"Contato\"}]},{\"@type\":\"WebSite\",\"@id\":\"https:\\\/\\\/mulherinteressante.net\\\/#website\",\"url\":\"https:\\\/\\\/mulherinteressante.net\\\/\",\"name\":\"Mulher Interessante\",\"description\":\"Not\u00edcias e muito mais\",\"potentialAction\":[{\"@type\":\"SearchAction\",\"target\":{\"@type\":\"EntryPoint\",\"urlTemplate\":\"https:\\\/\\\/mulherinteressante.net\\\/?s={search_term_string}\"},\"query-input\":{\"@type\":\"PropertyValueSpecification\",\"valueRequired\":true,\"valueName\":\"search_term_string\"}}],\"inLanguage\":\"es\"}]}<\/script>\n<!-- \/ Yoast SEO plugin. -->","yoast_head_json":{"title":"Contato - Mulher Interessante","robots":{"index":"noindex","follow":"nofollow"},"og_locale":"es_ES","og_type":"article","og_title":"Contato - Mulher Interessante","og_description":"Aviso Legal O site Mulher Interessante produz conte\u00fado com car\u00e1ter exclusivamente informativo e de entretenimento. Embora nosso compromisso seja com a qualidade das publica\u00e7\u00f5es, n\u00e3o assumimos responsabilidade pelo uso que os leitores fazem das informa\u00e7\u00f5es, dicas e recomenda\u00e7\u00f5es disponibilizadas em nossa plataforma. Reservamos o direito de modificar ou remover conte\u00fados quando necess\u00e1rio. Lembramos que cada [&hellip;]","og_url":"https:\/\/mulherinteressante.net\/es\/contato\/","og_site_name":"Mulher Interessante","article_modified_time":"2025-07-01T13:25:10+00:00","twitter_card":"summary_large_image","twitter_misc":{"Tiempo de lectura":"1 minuto"},"schema":{"@context":"https:\/\/schema.org","@graph":[{"@type":"WebPage","@id":"https:\/\/mulherinteressante.net\/contato\/","url":"https:\/\/mulherinteressante.net\/contato\/","name":"Contato - Mulher Interessante","isPartOf":{"@id":"https:\/\/mulherinteressante.net\/#website"},"datePublished":"2018-10-15T06:19:53+00:00","dateModified":"2025-07-01T13:25:10+00:00","breadcrumb":{"@id":"https:\/\/mulherinteressante.net\/contato\/#breadcrumb"},"inLanguage":"es","potentialAction":[{"@type":"ReadAction","target":["https:\/\/mulherinteressante.net\/contato\/"]}]},{"@type":"BreadcrumbList","@id":"https:\/\/mulherinteressante.net\/contato\/#breadcrumb","itemListElement":[{"@type":"ListItem","position":1,"name":"In\u00edcio","item":"https:\/\/mulherinteressante.net\/"},{"@type":"ListItem","position":2,"name":"Contato"}]},{"@type":"WebSite","@id":"https:\/\/mulherinteressante.net\/#website","url":"https:\/\/mulherinteressante.net\/","name":"Mulher Interessante","description":"Not\u00edcias e muito mais","potentialAction":[{"@type":"SearchAction","target":{"@type":"EntryPoint","urlTemplate":"https:\/\/mulherinteressante.net\/?s={search_term_string}"},"query-input":{"@type":"PropertyValueSpecification","valueRequired":true,"valueName":"search_term_string"}}],"inLanguage":"es"}]}},"_links":{"self":[{"href":"https:\/\/mulherinteressante.net\/es\/wp-json\/wp\/v2\/pages\/2","targetHints":{"allow":["GET"]}}],"collection":[{"href":"https:\/\/mulherinteressante.net\/es\/wp-json\/wp\/v2\/pages"}],"about":[{"href":"https:\/\/mulherinteressante.net\/es\/wp-json\/wp\/v2\/types\/page"}],"author":[{"embeddable":true,"href":"https:\/\/mulherinteressante.net\/es\/wp-json\/wp\/v2\/users\/1"}],"replies":[{"embeddable":true,"href":"https:\/\/mulherinteressante.net\/es\/wp-json\/wp\/v2\/comments?post=2"}],"version-history":[{"count":5,"href":"https:\/\/mulherinteressante.net\/es\/wp-json\/wp\/v2\/pages\/2\/revisions"}],"predecessor-version":[{"id":9380,"href":"https:\/\/mulherinteressante.net\/es\/wp-json\/wp\/v2\/pages\/2\/revisions\/9380"}],"wp:attachment":[{"href":"https:\/\/mulherinteressante.net\/es\/wp-json\/wp\/v2\/media?parent=2"}],"curies":[{"name":"wp","href":"https:\/\/api.w.org\/{rel}","templated":true}]}}