{"id":3,"date":"2018-10-15T03:19:53","date_gmt":"2018-10-15T06:19:53","guid":{"rendered":"http:\/\/mulherinteressante.com\/?page_id=3"},"modified":"2024-05-19T12:51:21","modified_gmt":"2024-05-19T15:51:21","slug":"politica-de-privacidade","status":"publish","type":"page","link":"https:\/\/mulherinteressante.net\/es\/politica-de-privacidade\/","title":{"rendered":"pol\u00edtica de privacidad"},"content":{"rendered":"<h2>Quienes somos<\/h2>\n<p>La direcci\u00f3n de nuestra web es: http:\/\/mulherinteressante.net.<\/p>\n<h2>Qu\u00e9 datos personales recopilamos y por qu\u00e9<\/h2>\n<h3>Galletas<\/h3>\n<p>Si dejas un comentario en nuestro sitio, puedes optar por guardar tu nombre, direcci\u00f3n de correo electr\u00f3nico y sitio web en cookies. Esto es para tu comodidad, para que no tengas que volver a rellenar tus datos cuando dejes otro comentario. Estas cookies tienen una duraci\u00f3n de un a\u00f1o.<\/p>\n<p>Si tiene una cuenta e inicia sesi\u00f3n en este sitio, instalaremos una cookie temporal para determinar si su navegador acepta cookies. Esta cookie no contiene datos personales y se elimina al cerrar el navegador.<\/p>\n<p>Al iniciar sesi\u00f3n, tambi\u00e9n instalaremos varias cookies para guardar tu informaci\u00f3n de inicio de sesi\u00f3n y tus preferencias de visualizaci\u00f3n de pantalla. Las cookies de inicio de sesi\u00f3n duran dos d\u00edas, y las de opciones de pantalla, un a\u00f1o. Si seleccionas &quot;Recordarme&quot;, tu inicio de sesi\u00f3n se conservar\u00e1 durante dos semanas. Si cierras sesi\u00f3n, las cookies de inicio de sesi\u00f3n se eliminar\u00e1n.<\/p>\n<p>Si editas o publicas un art\u00edculo, se guardar\u00e1 una cookie adicional en tu navegador. Esta cookie no incluye datos personales y simplemente indica el ID de la publicaci\u00f3n del art\u00edculo que acabas de editar. Caduca al cabo de un d\u00eda.<\/p>\n<h3>Medios incrustados de otros sitios web<\/h3>\n<p>Los art\u00edculos de este sitio pueden incluir contenido incrustado (p. ej., v\u00eddeos, im\u00e1genes, art\u00edculos, etc.). El contenido incrustado de otros sitios web se comporta exactamente igual que si el visitante hubiera visitado el otro sitio web.<\/p>\n<p>Estos sitios web pueden recopilar datos sobre usted, utilizar cookies, incrustar un seguimiento adicional de terceros y supervisar su interacci\u00f3n con ese contenido incrustado, incluido el seguimiento de su interacci\u00f3n con el contenido incrustado si tiene una cuenta y est\u00e1 conectado a ese sitio web.<\/p>\n<h2>\u00bfDurante cu\u00e1nto tiempo conservamos tus datos?<\/h2>\n<p>Si dejas un comentario, este y sus metadatos se conservan indefinidamente. Esto nos permite reconocer y aprobar autom\u00e1ticamente cualquier comentario posterior, en lugar de mantenerlo en una cola de moderaci\u00f3n.<\/p>\n<p>De los usuarios que se registran en nuestro sitio web (si los hay), tambi\u00e9n almacenamos la informaci\u00f3n personal que proporcionan en su perfil. Todos los usuarios pueden ver, editar o eliminar su informaci\u00f3n personal en cualquier momento (excepto que no pueden cambiar su nombre de usuario). Los administradores del sitio web tambi\u00e9n pueden ver y editar dicha informaci\u00f3n.<\/p>\n<h2>\u00bfCu\u00e1les son tus derechos sobre tus datos?<\/h2>\n<p>Si tiene una cuenta en este sitio o ha dejado comentarios, puede solicitar un archivo exportado de los datos personales que tenemos sobre usted, incluyendo cualquier dato que nos haya proporcionado. Tambi\u00e9n puede solicitar que eliminemos cualquier dato personal que tengamos sobre usted. Esto no incluye los datos que estemos obligados a conservar con fines administrativos, legales o de seguridad.<\/p>\n<h2>D\u00f3nde enviamos tus datos<\/h2>\n<p>Los comentarios de los visitantes pueden revisarse a trav\u00e9s de un servicio de detecci\u00f3n autom\u00e1tica de spam.<\/p>\n<h2>Anuncios<\/h2>\n<p>Al igual que otros sitios web, recopilamos y utilizamos la informaci\u00f3n de los anuncios. Esta informaci\u00f3n incluye su direcci\u00f3n IP (Protocolo de Internet), su proveedor de servicios de internet (ISP, como Sapo, Clix u otro), el navegador que utiliz\u00f3 para visitar nuestro sitio web (como Internet Explorer o Firefox), la hora de su visita y las p\u00e1ginas que visit\u00f3 en nuestro sitio web.<\/p>\n<h2>Enlaces a sitios de terceros<\/h2>\n<p>Nuestro sitio web contiene enlaces a otros sitios web que, en nuestra opini\u00f3n, pueden contener informaci\u00f3n o herramientas \u00fatiles para nuestros visitantes. Nuestra pol\u00edtica de privacidad no se aplica a sitios web de terceros, por lo que si visita otro sitio web, le recomendamos leer su pol\u00edtica de privacidad.<\/p>\n<p>No somos responsables de la pol\u00edtica de privacidad ni del contenido presente en estos mismos sitios.<\/p>","protected":false},"excerpt":{"rendered":"<p>Qui\u00e9nes somos. La direcci\u00f3n de nuestra web es: http:\/\/mulherinteressante.net. Qu\u00e9 datos personales recopilamos y por qu\u00e9. Cookies. Al dejar un comentario en la web, puedes optar por guardar tu nombre, correo electr\u00f3nico y sitio web en cookies. Esto es para tu comodidad, para que no tengas que volver a introducir tus datos al dejar otro comentario. Estas cookies duran un a\u00f1o. [\u2026]<\/p>","protected":false},"author":1,"featured_media":0,"parent":0,"menu_order":0,"comment_status":"closed","ping_status":"closed","template":"","meta":{"footnotes":""},"class_list":["post-3","page","type-page","status-publish","hentry"],"yoast_head":"<!-- This site is optimized with the Yoast SEO plugin v27.3 - https:\/\/yoast.com\/product\/yoast-seo-wordpress\/ -->\n<title>Pol\u00edtica de privacidade - Mulher Interessante<\/title>\n<meta name=\"robots\" content=\"noindex, nofollow\" \/>\n<meta property=\"og:locale\" content=\"es_ES\" \/>\n<meta property=\"og:type\" content=\"article\" \/>\n<meta property=\"og:title\" content=\"Pol\u00edtica de privacidade - Mulher Interessante\" \/>\n<meta property=\"og:description\" content=\"Quem somos O endere\u00e7o do nosso site \u00e9: http:\/\/mulherinteressante.net. Quais dados pessoais coletamos e porque Cookies Ao deixar um coment\u00e1rio no site, voc\u00ea poder\u00e1 optar por salvar seu nome, e-mail e site nos cookies. Isso visa seu conforto, assim voc\u00ea n\u00e3o precisar\u00e1 preencher seus dados novamente quando fizer outro coment\u00e1rio. Estes cookies duram um ano. [&hellip;]\" \/>\n<meta property=\"og:url\" content=\"https:\/\/mulherinteressante.net\/es\/politica-de-privacidade\/\" \/>\n<meta property=\"og:site_name\" content=\"Mulher Interessante\" \/>\n<meta property=\"article:modified_time\" content=\"2024-05-19T15:51:21+00:00\" \/>\n<meta name=\"twitter:card\" content=\"summary_large_image\" \/>\n<meta name=\"twitter:label1\" content=\"Tiempo de lectura\" \/>\n\t<meta name=\"twitter:data1\" content=\"3 minutos\" \/>\n<script type=\"application\/ld+json\" class=\"yoast-schema-graph\">{\"@context\":\"https:\\\/\\\/schema.org\",\"@graph\":[{\"@type\":\"WebPage\",\"@id\":\"https:\\\/\\\/mulherinteressante.net\\\/politica-de-privacidade\\\/\",\"url\":\"https:\\\/\\\/mulherinteressante.net\\\/politica-de-privacidade\\\/\",\"name\":\"Pol\u00edtica de privacidade - Mulher Interessante\",\"isPartOf\":{\"@id\":\"https:\\\/\\\/mulherinteressante.net\\\/#website\"},\"datePublished\":\"2018-10-15T06:19:53+00:00\",\"dateModified\":\"2024-05-19T15:51:21+00:00\",\"breadcrumb\":{\"@id\":\"https:\\\/\\\/mulherinteressante.net\\\/politica-de-privacidade\\\/#breadcrumb\"},\"inLanguage\":\"es\",\"potentialAction\":[{\"@type\":\"ReadAction\",\"target\":[\"https:\\\/\\\/mulherinteressante.net\\\/politica-de-privacidade\\\/\"]}]},{\"@type\":\"BreadcrumbList\",\"@id\":\"https:\\\/\\\/mulherinteressante.net\\\/politica-de-privacidade\\\/#breadcrumb\",\"itemListElement\":[{\"@type\":\"ListItem\",\"position\":1,\"name\":\"In\u00edcio\",\"item\":\"https:\\\/\\\/mulherinteressante.net\\\/\"},{\"@type\":\"ListItem\",\"position\":2,\"name\":\"Pol\u00edtica de privacidade\"}]},{\"@type\":\"WebSite\",\"@id\":\"https:\\\/\\\/mulherinteressante.net\\\/#website\",\"url\":\"https:\\\/\\\/mulherinteressante.net\\\/\",\"name\":\"Mulher Interessante\",\"description\":\"Not\u00edcias e muito mais\",\"potentialAction\":[{\"@type\":\"SearchAction\",\"target\":{\"@type\":\"EntryPoint\",\"urlTemplate\":\"https:\\\/\\\/mulherinteressante.net\\\/?s={search_term_string}\"},\"query-input\":{\"@type\":\"PropertyValueSpecification\",\"valueRequired\":true,\"valueName\":\"search_term_string\"}}],\"inLanguage\":\"es\"}]}<\/script>\n<!-- \/ Yoast SEO plugin. -->","yoast_head_json":{"title":"Pol\u00edtica de privacidade - Mulher Interessante","robots":{"index":"noindex","follow":"nofollow"},"og_locale":"es_ES","og_type":"article","og_title":"Pol\u00edtica de privacidade - Mulher Interessante","og_description":"Quem somos O endere\u00e7o do nosso site \u00e9: http:\/\/mulherinteressante.net. Quais dados pessoais coletamos e porque Cookies Ao deixar um coment\u00e1rio no site, voc\u00ea poder\u00e1 optar por salvar seu nome, e-mail e site nos cookies. Isso visa seu conforto, assim voc\u00ea n\u00e3o precisar\u00e1 preencher seus dados novamente quando fizer outro coment\u00e1rio. Estes cookies duram um ano. [&hellip;]","og_url":"https:\/\/mulherinteressante.net\/es\/politica-de-privacidade\/","og_site_name":"Mulher Interessante","article_modified_time":"2024-05-19T15:51:21+00:00","twitter_card":"summary_large_image","twitter_misc":{"Tiempo de lectura":"3 minutos"},"schema":{"@context":"https:\/\/schema.org","@graph":[{"@type":"WebPage","@id":"https:\/\/mulherinteressante.net\/politica-de-privacidade\/","url":"https:\/\/mulherinteressante.net\/politica-de-privacidade\/","name":"Pol\u00edtica de privacidade - Mulher Interessante","isPartOf":{"@id":"https:\/\/mulherinteressante.net\/#website"},"datePublished":"2018-10-15T06:19:53+00:00","dateModified":"2024-05-19T15:51:21+00:00","breadcrumb":{"@id":"https:\/\/mulherinteressante.net\/politica-de-privacidade\/#breadcrumb"},"inLanguage":"es","potentialAction":[{"@type":"ReadAction","target":["https:\/\/mulherinteressante.net\/politica-de-privacidade\/"]}]},{"@type":"BreadcrumbList","@id":"https:\/\/mulherinteressante.net\/politica-de-privacidade\/#breadcrumb","itemListElement":[{"@type":"ListItem","position":1,"name":"In\u00edcio","item":"https:\/\/mulherinteressante.net\/"},{"@type":"ListItem","position":2,"name":"Pol\u00edtica de privacidade"}]},{"@type":"WebSite","@id":"https:\/\/mulherinteressante.net\/#website","url":"https:\/\/mulherinteressante.net\/","name":"Mulher Interessante","description":"Not\u00edcias e muito mais","potentialAction":[{"@type":"SearchAction","target":{"@type":"EntryPoint","urlTemplate":"https:\/\/mulherinteressante.net\/?s={search_term_string}"},"query-input":{"@type":"PropertyValueSpecification","valueRequired":true,"valueName":"search_term_string"}}],"inLanguage":"es"}]}},"_links":{"self":[{"href":"https:\/\/mulherinteressante.net\/es\/wp-json\/wp\/v2\/pages\/3","targetHints":{"allow":["GET"]}}],"collection":[{"href":"https:\/\/mulherinteressante.net\/es\/wp-json\/wp\/v2\/pages"}],"about":[{"href":"https:\/\/mulherinteressante.net\/es\/wp-json\/wp\/v2\/types\/page"}],"author":[{"embeddable":true,"href":"https:\/\/mulherinteressante.net\/es\/wp-json\/wp\/v2\/users\/1"}],"replies":[{"embeddable":true,"href":"https:\/\/mulherinteressante.net\/es\/wp-json\/wp\/v2\/comments?post=3"}],"version-history":[{"count":3,"href":"https:\/\/mulherinteressante.net\/es\/wp-json\/wp\/v2\/pages\/3\/revisions"}],"predecessor-version":[{"id":13,"href":"https:\/\/mulherinteressante.net\/es\/wp-json\/wp\/v2\/pages\/3\/revisions\/13"}],"wp:attachment":[{"href":"https:\/\/mulherinteressante.net\/es\/wp-json\/wp\/v2\/media?parent=3"}],"curies":[{"name":"wp","href":"https:\/\/api.w.org\/{rel}","templated":true}]}}