{"id":9129,"date":"2024-12-12T19:59:58","date_gmt":"2024-12-12T22:59:58","guid":{"rendered":"https:\/\/mulherinteressante.net\/?page_id=9129"},"modified":"2024-12-12T20:00:41","modified_gmt":"2024-12-12T23:00:41","slug":"quem-somos","status":"publish","type":"page","link":"https:\/\/mulherinteressante.net\/es\/quem-somos\/","title":{"rendered":"Quienes somos"},"content":{"rendered":"<p>Bienvenido a Mulher Interessante, su portal de contenido integral que ha revolucionado la forma en que las mujeres modernas consumen informaci\u00f3n desde 2018. Combinamos tecnolog\u00eda, estilo y practicidad para ofrecer contenido que marca la diferencia en la vida de miles de lectores todos los d\u00edas.<\/p>\n\n\n\n<h2 class=\"wp-block-heading\">Nuestra esencia<\/h2>\n\n\n\n<p>Hemos desarrollado un espacio digital \u00fanico donde la mujer contempor\u00e1nea puede encontrar desde an\u00e1lisis detallados de los \u00faltimos lanzamientos en apps y plataformas digitales hasta las \u00faltimas tendencias en el mundo de la moda. Nuestro equipo de expertos trabaja incansablemente para ofrecer rese\u00f1as imparciales de productos, servicios y tecnolog\u00edas que pueden simplificar y enriquecer su vida diaria.<\/p>\n\n\n\n<h2 class=\"wp-block-heading\">\u00c1reas de cobertura<\/h2>\n\n\n\n<p>Nuestra plataforma abraza la multiplicidad del universo femenino con:<\/p>\n\n\n\n<ul class=\"wp-block-list\">\n<li>Rese\u00f1as detalladas de aplicaciones y sitios web relevantes para mujeres<\/li>\n\n\n\n<li>Cobertura exclusiva de los principales eventos de moda nacionales e internacionales.<\/li>\n\n\n\n<li>Innovaciones tecnol\u00f3gicas centradas en las necesidades de la mujer moderna<\/li>\n\n\n\n<li>Recetas seleccionadas y probadas<\/li>\n\n\n\n<li>Soluciones pr\u00e1cticas de belleza y bienestar<\/li>\n\n\n\n<li>Consejos de estilo de vida para cada momento<\/li>\n\n\n\n<li>Varios tutoriales con consejos interesantes.<\/li>\n<\/ul>\n\n\n\n<h2 class=\"wp-block-heading\">Compromiso con la innovaci\u00f3n<\/h2>\n\n\n\n<p>En Mulher Interessante, miramos al futuro. Seguimos de cerca las transformaciones del mundo digital, aportando an\u00e1lisis y perspectivas sobre c\u00f3mo las nuevas tecnolog\u00edas pueden mejorar la vida de las mujeres. Nuestro equipo de redactores expertos est\u00e1 siempre atento a las \u00faltimas innovaciones en apps, gadgets y herramientas digitales que pueden marcar la diferencia en tu d\u00eda a d\u00eda.<\/p>\n\n\n\n<h2 class=\"wp-block-heading\">Conexi\u00f3n con la moda<\/h2>\n\n\n\n<p>Nuestros expertos en moda recorren las principales semanas de la moda, showrooms y lanzamientos para ofrecerte las tendencias que necesitas conocer. Combinamos la cobertura del mundo de la moda con consejos pr\u00e1cticos para adaptar las \u00faltimas tendencias a tu estilo personal.<\/p>\n\n\n\n<h2 class=\"wp-block-heading\">Nuestro diferencial<\/h2>\n\n\n\n<p>Lo que nos distingue es nuestra capacidad de reunir diferentes universos de inter\u00e9s femenino en un solo lugar. Mientras te mantienes al d\u00eda con las \u00faltimas tendencias tecnol\u00f3gicas, tambi\u00e9n puedes descubrir una nueva receta para la cena o descubrir la pr\u00f3xima app que te facilitar\u00e1 la vida.<\/p>\n\n\n\n<h2 class=\"wp-block-heading\">Objetivo<\/h2>\n\n\n\n<p>Nos esforzamos por ser la fuente de confianza que ayuda a las mujeres a desenvolverse en el mundo moderno con confianza y conocimiento. Ya sea explorando una nueva aplicaci\u00f3n de productividad, descubriendo las \u00faltimas tendencias de moda o aprendiendo una nueva receta, estamos aqu\u00ed para apoyarte en cada paso del camino.<\/p>\n\n\n\n<p>Aqu\u00ed, cada mujer encuentra su espacio para aprender, inspirarse y desarrollarse. Te invitamos a formar parte de esta comunidad en constante crecimiento y evoluci\u00f3n, siempre atenta a las necesidades e intereses de las mujeres de hoy.<\/p>","protected":false},"excerpt":{"rendered":"<p>Bienvenidos a Interesting Woman, tu portal de contenido integral que, desde 2018, ha revolucionado la forma en que las mujeres modernas consumen informaci\u00f3n. Combinamos tecnolog\u00eda, estilo y practicidad para ofrecer contenido que marca la diferencia en la vida de miles de lectoras a diario. Nuestra esencia: Hemos desarrollado un espacio digital \u00fanico donde las mujeres contempor\u00e1neas pueden encontrar de todo, desde an\u00e1lisis [\u2026]<\/p>","protected":false},"author":1,"featured_media":0,"parent":0,"menu_order":0,"comment_status":"closed","ping_status":"closed","template":"","meta":{"footnotes":""},"class_list":["post-9129","page","type-page","status-publish","hentry"],"yoast_head":"<!-- This site is optimized with the Yoast SEO plugin v27.3 - https:\/\/yoast.com\/product\/yoast-seo-wordpress\/ -->\n<title>Quem Somos - Mulher Interessante<\/title>\n<meta name=\"description\" content=\"O Mulher Interessante re\u00fane, desde 2018, conte\u00fado sobre tecnologia, moda, receitas e dicas para o p\u00fablico feminino moderno.\" \/>\n<meta name=\"robots\" content=\"noindex, nofollow\" \/>\n<meta property=\"og:locale\" content=\"es_ES\" \/>\n<meta property=\"og:type\" content=\"article\" \/>\n<meta property=\"og:title\" content=\"Quem Somos - Mulher Interessante\" \/>\n<meta property=\"og:description\" content=\"O Mulher Interessante re\u00fane, desde 2018, conte\u00fado sobre tecnologia, moda, receitas e dicas para o p\u00fablico feminino moderno.\" \/>\n<meta property=\"og:url\" content=\"https:\/\/mulherinteressante.net\/es\/quem-somos\/\" \/>\n<meta property=\"og:site_name\" content=\"Mulher Interessante\" \/>\n<meta property=\"article:modified_time\" content=\"2024-12-12T23:00:41+00:00\" \/>\n<meta name=\"twitter:card\" content=\"summary_large_image\" \/>\n<meta name=\"twitter:label1\" content=\"Tiempo de lectura\" \/>\n\t<meta name=\"twitter:data1\" content=\"3 minutos\" \/>\n<script type=\"application\/ld+json\" class=\"yoast-schema-graph\">{\"@context\":\"https:\\\/\\\/schema.org\",\"@graph\":[{\"@type\":\"WebPage\",\"@id\":\"https:\\\/\\\/mulherinteressante.net\\\/quem-somos\\\/\",\"url\":\"https:\\\/\\\/mulherinteressante.net\\\/quem-somos\\\/\",\"name\":\"Quem Somos - Mulher Interessante\",\"isPartOf\":{\"@id\":\"https:\\\/\\\/mulherinteressante.net\\\/#website\"},\"datePublished\":\"2024-12-12T22:59:58+00:00\",\"dateModified\":\"2024-12-12T23:00:41+00:00\",\"description\":\"O Mulher Interessante re\u00fane, desde 2018, conte\u00fado sobre tecnologia, moda, receitas e dicas para o p\u00fablico feminino moderno.\",\"breadcrumb\":{\"@id\":\"https:\\\/\\\/mulherinteressante.net\\\/quem-somos\\\/#breadcrumb\"},\"inLanguage\":\"es\",\"potentialAction\":[{\"@type\":\"ReadAction\",\"target\":[\"https:\\\/\\\/mulherinteressante.net\\\/quem-somos\\\/\"]}]},{\"@type\":\"BreadcrumbList\",\"@id\":\"https:\\\/\\\/mulherinteressante.net\\\/quem-somos\\\/#breadcrumb\",\"itemListElement\":[{\"@type\":\"ListItem\",\"position\":1,\"name\":\"In\u00edcio\",\"item\":\"https:\\\/\\\/mulherinteressante.net\\\/\"},{\"@type\":\"ListItem\",\"position\":2,\"name\":\"Quem Somos\"}]},{\"@type\":\"WebSite\",\"@id\":\"https:\\\/\\\/mulherinteressante.net\\\/#website\",\"url\":\"https:\\\/\\\/mulherinteressante.net\\\/\",\"name\":\"Mulher Interessante\",\"description\":\"Not\u00edcias e muito mais\",\"potentialAction\":[{\"@type\":\"SearchAction\",\"target\":{\"@type\":\"EntryPoint\",\"urlTemplate\":\"https:\\\/\\\/mulherinteressante.net\\\/?s={search_term_string}\"},\"query-input\":{\"@type\":\"PropertyValueSpecification\",\"valueRequired\":true,\"valueName\":\"search_term_string\"}}],\"inLanguage\":\"es\"}]}<\/script>\n<!-- \/ Yoast SEO plugin. -->","yoast_head_json":{"title":"Quem Somos - Mulher Interessante","description":"O Mulher Interessante re\u00fane, desde 2018, conte\u00fado sobre tecnologia, moda, receitas e dicas para o p\u00fablico feminino moderno.","robots":{"index":"noindex","follow":"nofollow"},"og_locale":"es_ES","og_type":"article","og_title":"Quem Somos - Mulher Interessante","og_description":"O Mulher Interessante re\u00fane, desde 2018, conte\u00fado sobre tecnologia, moda, receitas e dicas para o p\u00fablico feminino moderno.","og_url":"https:\/\/mulherinteressante.net\/es\/quem-somos\/","og_site_name":"Mulher Interessante","article_modified_time":"2024-12-12T23:00:41+00:00","twitter_card":"summary_large_image","twitter_misc":{"Tiempo de lectura":"3 minutos"},"schema":{"@context":"https:\/\/schema.org","@graph":[{"@type":"WebPage","@id":"https:\/\/mulherinteressante.net\/quem-somos\/","url":"https:\/\/mulherinteressante.net\/quem-somos\/","name":"Quem Somos - Mulher Interessante","isPartOf":{"@id":"https:\/\/mulherinteressante.net\/#website"},"datePublished":"2024-12-12T22:59:58+00:00","dateModified":"2024-12-12T23:00:41+00:00","description":"O Mulher Interessante re\u00fane, desde 2018, conte\u00fado sobre tecnologia, moda, receitas e dicas para o p\u00fablico feminino moderno.","breadcrumb":{"@id":"https:\/\/mulherinteressante.net\/quem-somos\/#breadcrumb"},"inLanguage":"es","potentialAction":[{"@type":"ReadAction","target":["https:\/\/mulherinteressante.net\/quem-somos\/"]}]},{"@type":"BreadcrumbList","@id":"https:\/\/mulherinteressante.net\/quem-somos\/#breadcrumb","itemListElement":[{"@type":"ListItem","position":1,"name":"In\u00edcio","item":"https:\/\/mulherinteressante.net\/"},{"@type":"ListItem","position":2,"name":"Quem Somos"}]},{"@type":"WebSite","@id":"https:\/\/mulherinteressante.net\/#website","url":"https:\/\/mulherinteressante.net\/","name":"Mulher Interessante","description":"Not\u00edcias e muito mais","potentialAction":[{"@type":"SearchAction","target":{"@type":"EntryPoint","urlTemplate":"https:\/\/mulherinteressante.net\/?s={search_term_string}"},"query-input":{"@type":"PropertyValueSpecification","valueRequired":true,"valueName":"search_term_string"}}],"inLanguage":"es"}]}},"_links":{"self":[{"href":"https:\/\/mulherinteressante.net\/es\/wp-json\/wp\/v2\/pages\/9129","targetHints":{"allow":["GET"]}}],"collection":[{"href":"https:\/\/mulherinteressante.net\/es\/wp-json\/wp\/v2\/pages"}],"about":[{"href":"https:\/\/mulherinteressante.net\/es\/wp-json\/wp\/v2\/types\/page"}],"author":[{"embeddable":true,"href":"https:\/\/mulherinteressante.net\/es\/wp-json\/wp\/v2\/users\/1"}],"replies":[{"embeddable":true,"href":"https:\/\/mulherinteressante.net\/es\/wp-json\/wp\/v2\/comments?post=9129"}],"version-history":[{"count":1,"href":"https:\/\/mulherinteressante.net\/es\/wp-json\/wp\/v2\/pages\/9129\/revisions"}],"predecessor-version":[{"id":9130,"href":"https:\/\/mulherinteressante.net\/es\/wp-json\/wp\/v2\/pages\/9129\/revisions\/9130"}],"wp:attachment":[{"href":"https:\/\/mulherinteressante.net\/es\/wp-json\/wp\/v2\/media?parent=9129"}],"curies":[{"name":"wp","href":"https:\/\/api.w.org\/{rel}","templated":true}]}}