{"id":9184,"date":"2025-01-27T15:13:08","date_gmt":"2025-01-27T18:13:08","guid":{"rendered":"https:\/\/mulherinteressante.net\/?page_id=9184"},"modified":"2025-01-27T19:02:54","modified_gmt":"2025-01-27T22:02:54","slug":"redirect","status":"publish","type":"page","link":"https:\/\/mulherinteressante.net\/es\/redirect\/","title":{"rendered":"Ser\u00e1s redirigido"},"content":{"rendered":"<div class=\"redirect-text\" style=\"text-align:center;\"><p>Ser\u00e1s redirigido a la p\u00e1gina de la aplicaci\u00f3n en <span id=\"redir-seconds\">5<\/span> art\u00edculos de segunda clase.<\/p><p>Si no eres redirigido autom\u00e1ticamente, <a href=\"\">haga clic aqu\u00ed<\/a>.<\/p><\/div><script type=\"text\/javascript\">\r\n\t\t\t\t\t   let timeLeft = 5;\r\n\t\t\t\t\t   const redirectUrl = \"\";\r\n\t\t\t\t\t   const timerElement = document.getElementById(\"redir-seconds\");\r\n\t\t\t\t\t   if (!redirectUrl) {\r\n\t\t\t\t\t\t\twindow.location.href = \"https:\/\/mulherinteressante.net\/es\";\r\n\t\t\t\t\t   }\r\n\r\n\t\t\t\t\t   const countdown = setInterval(() => {\r\n\t\t\t\t\t\t   if (timeLeft > 1) {\r\n\t\t\t\t\t\t\t   timeLeft--;\r\n\t\t\t\t\t\t\t   timerElement.textContent = timeLeft;\r\n\t\t\t\t\t\t   } else {\r\n\t\t\t\t\t\t\t   clearInterval(countdown);\r\n\t\t\t\t\t\t\t   window.location.href = redirectUrl;\r\n\t\t\t\t\t\t   }\r\n\t\t\t\t\t   }, 1000);\r\n\t\t\t\t   <\/script>\n\n\n\n<div style=\"height:100px\" aria-hidden=\"true\" class=\"wp-block-spacer\"><\/div>\n\n\n<div class=\"gb-container gb-container-5f40bd71\"><div class=\"gb-inside-container\">\n\n<h3 class=\"wp-block-heading\">Contenido recomendado<\/h3>\n\n\n\n<div class=\"gb-grid-wrapper gb-grid-wrapper-3bdced3c gb-query-loop-wrapper\">\n<div class=\"gb-grid-column gb-grid-column-be222a90 gb-query-loop-item post-9329 post type-post status-publish format-standard has-post-thumbnail hentry category-dicas\"><div class=\"gb-container gb-container-be222a90\"><div class=\"gb-inside-container\">\n<figure class=\"gb-block-image gb-block-image-f61ba46f\"><img loading=\"lazy\" decoding=\"async\" width=\"1200\" height=\"700\" src=\"https:\/\/mulherinteressante.net\/wp-content\/uploads\/2025\/03\/gravida-salario-2039484.jpg\" class=\"gb-image-f61ba46f\" alt=\"\" srcset=\"https:\/\/mulherinteressante.net\/wp-content\/uploads\/2025\/03\/gravida-salario-2039484.jpg 1200w, https:\/\/mulherinteressante.net\/wp-content\/uploads\/2025\/03\/gravida-salario-2039484-300x175.jpg 300w, https:\/\/mulherinteressante.net\/wp-content\/uploads\/2025\/03\/gravida-salario-2039484-1024x597.jpg 1024w, https:\/\/mulherinteressante.net\/wp-content\/uploads\/2025\/03\/gravida-salario-2039484-768x448.jpg 768w, https:\/\/mulherinteressante.net\/wp-content\/uploads\/2025\/03\/gravida-salario-2039484-810x473.jpg 810w\" sizes=\"auto, (max-width: 1200px) 100vw, 1200px\" \/><\/figure>\n\n<h2 class=\"gb-headline gb-headline-97068106 gb-headline-text\"><a href=\"https:\/\/mulherinteressante.net\/es\/salario-maternidade-guia-completo-para-garantir-seus-direitos-e-receber-sem-complicacoes\/\">Subsidio por maternidad: Gu\u00eda completa para garantizar tus derechos y recibirlo sin complicaciones<\/a><\/h2>\n<\/div><\/div><\/div>\n\n<div class=\"gb-grid-column gb-grid-column-be222a90 gb-query-loop-item post-9326 post type-post status-publish format-standard has-post-thumbnail hentry category-saude\"><div class=\"gb-container gb-container-be222a90\"><div class=\"gb-inside-container\">\n<figure class=\"gb-block-image gb-block-image-f61ba46f\"><img loading=\"lazy\" decoding=\"async\" width=\"1200\" height=\"700\" src=\"https:\/\/mulherinteressante.net\/wp-content\/uploads\/2025\/03\/gravidez-psicologica-29834729543.jpg\" class=\"gb-image-f61ba46f\" alt=\"\" srcset=\"https:\/\/mulherinteressante.net\/wp-content\/uploads\/2025\/03\/gravidez-psicologica-29834729543.jpg 1200w, https:\/\/mulherinteressante.net\/wp-content\/uploads\/2025\/03\/gravidez-psicologica-29834729543-300x175.jpg 300w, https:\/\/mulherinteressante.net\/wp-content\/uploads\/2025\/03\/gravidez-psicologica-29834729543-1024x597.jpg 1024w, https:\/\/mulherinteressante.net\/wp-content\/uploads\/2025\/03\/gravidez-psicologica-29834729543-768x448.jpg 768w, https:\/\/mulherinteressante.net\/wp-content\/uploads\/2025\/03\/gravidez-psicologica-29834729543-810x473.jpg 810w\" sizes=\"auto, (max-width: 1200px) 100vw, 1200px\" \/><\/figure>\n\n<h2 class=\"gb-headline gb-headline-97068106 gb-headline-text\"><a href=\"https:\/\/mulherinteressante.net\/es\/gravidez-psicologica-como-identificar-e-lidar\/\">Embarazo falso: \u00bfc\u00f3mo identificarlo y afrontarlo?<\/a><\/h2>\n<\/div><\/div><\/div>\n\n<div class=\"gb-grid-column gb-grid-column-be222a90 gb-query-loop-item post-9323 post type-post status-publish format-standard has-post-thumbnail hentry category-saude\"><div class=\"gb-container gb-container-be222a90\"><div class=\"gb-inside-container\">\n<figure class=\"gb-block-image gb-block-image-f61ba46f\"><img loading=\"lazy\" decoding=\"async\" width=\"1200\" height=\"700\" src=\"https:\/\/mulherinteressante.net\/wp-content\/uploads\/2025\/03\/gravidez-duvida-29834729543.jpg\" class=\"gb-image-f61ba46f\" alt=\"\" srcset=\"https:\/\/mulherinteressante.net\/wp-content\/uploads\/2025\/03\/gravidez-duvida-29834729543.jpg 1200w, https:\/\/mulherinteressante.net\/wp-content\/uploads\/2025\/03\/gravidez-duvida-29834729543-300x175.jpg 300w, https:\/\/mulherinteressante.net\/wp-content\/uploads\/2025\/03\/gravidez-duvida-29834729543-1024x597.jpg 1024w, https:\/\/mulherinteressante.net\/wp-content\/uploads\/2025\/03\/gravidez-duvida-29834729543-768x448.jpg 768w, https:\/\/mulherinteressante.net\/wp-content\/uploads\/2025\/03\/gravidez-duvida-29834729543-810x473.jpg 810w\" sizes=\"auto, (max-width: 1200px) 100vw, 1200px\" \/><\/figure>\n\n<h2 class=\"gb-headline gb-headline-97068106 gb-headline-text\"><a href=\"https:\/\/mulherinteressante.net\/es\/gravidez-sem-sintomas-e-possivel-estar-gravida-sem-perceber\/\">Embarazo sin s\u00edntomas: \u00bfes posible estar embarazada sin darte cuenta?<\/a><\/h2>\n<\/div><\/div><\/div>\n\n<div class=\"gb-grid-column gb-grid-column-be222a90 gb-query-loop-item post-9320 post type-post status-publish format-standard has-post-thumbnail hentry category-saude\"><div class=\"gb-container gb-container-be222a90\"><div class=\"gb-inside-container\">\n<figure class=\"gb-block-image gb-block-image-f61ba46f\"><img loading=\"lazy\" decoding=\"async\" width=\"1200\" height=\"700\" src=\"https:\/\/mulherinteressante.net\/wp-content\/uploads\/2025\/03\/teste-gravidez-farmacia-2934872.jpg\" class=\"gb-image-f61ba46f\" alt=\"\" srcset=\"https:\/\/mulherinteressante.net\/wp-content\/uploads\/2025\/03\/teste-gravidez-farmacia-2934872.jpg 1200w, https:\/\/mulherinteressante.net\/wp-content\/uploads\/2025\/03\/teste-gravidez-farmacia-2934872-300x175.jpg 300w, https:\/\/mulherinteressante.net\/wp-content\/uploads\/2025\/03\/teste-gravidez-farmacia-2934872-1024x597.jpg 1024w, https:\/\/mulherinteressante.net\/wp-content\/uploads\/2025\/03\/teste-gravidez-farmacia-2934872-768x448.jpg 768w, https:\/\/mulherinteressante.net\/wp-content\/uploads\/2025\/03\/teste-gravidez-farmacia-2934872-810x473.jpg 810w\" sizes=\"auto, (max-width: 1200px) 100vw, 1200px\" \/><\/figure>\n\n<h2 class=\"gb-headline gb-headline-97068106 gb-headline-text\"><a href=\"https:\/\/mulherinteressante.net\/es\/quando-e-como-fazer-um-teste-de-gravidez-de-farmacia-corretamente\/\">Cu\u00e1ndo y c\u00f3mo hacer correctamente una prueba de embarazo de farmacia<\/a><\/h2>\n<\/div><\/div><\/div>\n\n<div class=\"gb-grid-column gb-grid-column-be222a90 gb-query-loop-item post-9317 post type-post status-publish format-standard has-post-thumbnail hentry category-saude\"><div class=\"gb-container gb-container-be222a90\"><div class=\"gb-inside-container\">\n<figure class=\"gb-block-image gb-block-image-f61ba46f\"><img loading=\"lazy\" decoding=\"async\" width=\"1200\" height=\"700\" src=\"https:\/\/mulherinteressante.net\/wp-content\/uploads\/2025\/03\/gravidez-29834729543.jpg\" class=\"gb-image-f61ba46f\" alt=\"\" srcset=\"https:\/\/mulherinteressante.net\/wp-content\/uploads\/2025\/03\/gravidez-29834729543.jpg 1200w, https:\/\/mulherinteressante.net\/wp-content\/uploads\/2025\/03\/gravidez-29834729543-300x175.jpg 300w, https:\/\/mulherinteressante.net\/wp-content\/uploads\/2025\/03\/gravidez-29834729543-1024x597.jpg 1024w, https:\/\/mulherinteressante.net\/wp-content\/uploads\/2025\/03\/gravidez-29834729543-768x448.jpg 768w, https:\/\/mulherinteressante.net\/wp-content\/uploads\/2025\/03\/gravidez-29834729543-810x473.jpg 810w\" sizes=\"auto, (max-width: 1200px) 100vw, 1200px\" \/><\/figure>\n\n<h2 class=\"gb-headline gb-headline-97068106 gb-headline-text\"><a href=\"https:\/\/mulherinteressante.net\/es\/sintomas-iniciais-da-gravidez-quais-os-sinais-mais-comuns\/\">S\u00edntomas del embarazo temprano: \u00bfcu\u00e1les son los signos m\u00e1s comunes?<\/a><\/h2>\n<\/div><\/div><\/div>\n\n<div class=\"gb-grid-column gb-grid-column-be222a90 gb-query-loop-item post-8660 post type-post status-publish format-standard has-post-thumbnail hentry category-saude\"><div class=\"gb-container gb-container-be222a90\"><div class=\"gb-inside-container\">\n<figure class=\"gb-block-image gb-block-image-f61ba46f\"><img loading=\"lazy\" decoding=\"async\" width=\"1920\" height=\"1280\" src=\"https:\/\/mulherinteressante.net\/wp-content\/uploads\/2020\/06\/2.jpg\" class=\"gb-image-f61ba46f\" alt=\"\" srcset=\"https:\/\/mulherinteressante.net\/wp-content\/uploads\/2020\/06\/2.jpg 1920w, https:\/\/mulherinteressante.net\/wp-content\/uploads\/2020\/06\/2-300x200.jpg 300w, https:\/\/mulherinteressante.net\/wp-content\/uploads\/2020\/06\/2-768x512.jpg 768w, https:\/\/mulherinteressante.net\/wp-content\/uploads\/2020\/06\/2-1024x683.jpg 1024w, https:\/\/mulherinteressante.net\/wp-content\/uploads\/2020\/06\/2-1536x1024.jpg 1536w, https:\/\/mulherinteressante.net\/wp-content\/uploads\/2020\/06\/2-810x540.jpg 810w\" sizes=\"auto, (max-width: 1920px) 100vw, 1920px\" \/><\/figure>\n\n<h2 class=\"gb-headline gb-headline-97068106 gb-headline-text\"><a href=\"https:\/\/mulherinteressante.net\/es\/como-ter-uma-cintura-fininha\/\">C\u00f3mo adelgazar la cintura: consejos para tener una cintura peque\u00f1a<\/a><\/h2>\n<\/div><\/div><\/div>\n<\/div>\n\n<\/div><\/div>","protected":false},"excerpt":{"rendered":"<p>Contenido recomendado<\/p>","protected":false},"author":1,"featured_media":0,"parent":0,"menu_order":0,"comment_status":"closed","ping_status":"closed","template":"","meta":{"footnotes":""},"class_list":["post-9184","page","type-page","status-publish","hentry"],"yoast_head":"<!-- This site is optimized with the Yoast SEO plugin v27.4 - https:\/\/yoast.com\/product\/yoast-seo-wordpress\/ -->\n<title>Voc\u00ea ser\u00e1 redirecionado - Mulher Interessante<\/title>\n<meta name=\"robots\" content=\"index, follow, max-snippet:-1, max-image-preview:large, max-video-preview:-1\" \/>\n<link rel=\"canonical\" href=\"https:\/\/mulherinteressante.net\/es\/redirect\/\" \/>\n<meta property=\"og:locale\" content=\"es_ES\" \/>\n<meta property=\"og:type\" content=\"article\" \/>\n<meta property=\"og:title\" content=\"Voc\u00ea ser\u00e1 redirecionado - Mulher Interessante\" \/>\n<meta property=\"og:description\" content=\"Conte\u00fado Recomendado\" \/>\n<meta property=\"og:url\" content=\"https:\/\/mulherinteressante.net\/es\/redirect\/\" \/>\n<meta property=\"og:site_name\" content=\"Mulher Interessante\" \/>\n<meta property=\"article:modified_time\" content=\"2025-01-27T22:02:54+00:00\" \/>\n<meta name=\"twitter:card\" content=\"summary_large_image\" \/>\n<meta name=\"twitter:label1\" content=\"Tiempo de lectura\" \/>\n\t<meta name=\"twitter:data1\" content=\"1 minuto\" \/>\n<script type=\"application\/ld+json\" class=\"yoast-schema-graph\">{\"@context\":\"https:\\\/\\\/schema.org\",\"@graph\":[{\"@type\":\"WebPage\",\"@id\":\"https:\\\/\\\/mulherinteressante.net\\\/redirect\\\/\",\"url\":\"https:\\\/\\\/mulherinteressante.net\\\/redirect\\\/\",\"name\":\"Voc\u00ea ser\u00e1 redirecionado - Mulher Interessante\",\"isPartOf\":{\"@id\":\"https:\\\/\\\/mulherinteressante.net\\\/#website\"},\"datePublished\":\"2025-01-27T18:13:08+00:00\",\"dateModified\":\"2025-01-27T22:02:54+00:00\",\"breadcrumb\":{\"@id\":\"https:\\\/\\\/mulherinteressante.net\\\/redirect\\\/#breadcrumb\"},\"inLanguage\":\"es\",\"potentialAction\":[{\"@type\":\"ReadAction\",\"target\":[\"https:\\\/\\\/mulherinteressante.net\\\/redirect\\\/\"]}]},{\"@type\":\"BreadcrumbList\",\"@id\":\"https:\\\/\\\/mulherinteressante.net\\\/redirect\\\/#breadcrumb\",\"itemListElement\":[{\"@type\":\"ListItem\",\"position\":1,\"name\":\"In\u00edcio\",\"item\":\"https:\\\/\\\/mulherinteressante.net\\\/\"},{\"@type\":\"ListItem\",\"position\":2,\"name\":\"Voc\u00ea ser\u00e1 redirecionado\"}]},{\"@type\":\"WebSite\",\"@id\":\"https:\\\/\\\/mulherinteressante.net\\\/#website\",\"url\":\"https:\\\/\\\/mulherinteressante.net\\\/\",\"name\":\"Mulher Interessante\",\"description\":\"Not\u00edcias e muito mais\",\"potentialAction\":[{\"@type\":\"SearchAction\",\"target\":{\"@type\":\"EntryPoint\",\"urlTemplate\":\"https:\\\/\\\/mulherinteressante.net\\\/?s={search_term_string}\"},\"query-input\":{\"@type\":\"PropertyValueSpecification\",\"valueRequired\":true,\"valueName\":\"search_term_string\"}}],\"inLanguage\":\"es\"}]}<\/script>\n<!-- \/ Yoast SEO plugin. -->","yoast_head_json":{"title":"Voc\u00ea ser\u00e1 redirecionado - Mulher Interessante","robots":{"index":"index","follow":"follow","max-snippet":"max-snippet:-1","max-image-preview":"max-image-preview:large","max-video-preview":"max-video-preview:-1"},"canonical":"https:\/\/mulherinteressante.net\/es\/redirect\/","og_locale":"es_ES","og_type":"article","og_title":"Voc\u00ea ser\u00e1 redirecionado - Mulher Interessante","og_description":"Conte\u00fado Recomendado","og_url":"https:\/\/mulherinteressante.net\/es\/redirect\/","og_site_name":"Mulher Interessante","article_modified_time":"2025-01-27T22:02:54+00:00","twitter_card":"summary_large_image","twitter_misc":{"Tiempo de lectura":"1 minuto"},"schema":{"@context":"https:\/\/schema.org","@graph":[{"@type":"WebPage","@id":"https:\/\/mulherinteressante.net\/redirect\/","url":"https:\/\/mulherinteressante.net\/redirect\/","name":"Voc\u00ea ser\u00e1 redirecionado - Mulher Interessante","isPartOf":{"@id":"https:\/\/mulherinteressante.net\/#website"},"datePublished":"2025-01-27T18:13:08+00:00","dateModified":"2025-01-27T22:02:54+00:00","breadcrumb":{"@id":"https:\/\/mulherinteressante.net\/redirect\/#breadcrumb"},"inLanguage":"es","potentialAction":[{"@type":"ReadAction","target":["https:\/\/mulherinteressante.net\/redirect\/"]}]},{"@type":"BreadcrumbList","@id":"https:\/\/mulherinteressante.net\/redirect\/#breadcrumb","itemListElement":[{"@type":"ListItem","position":1,"name":"In\u00edcio","item":"https:\/\/mulherinteressante.net\/"},{"@type":"ListItem","position":2,"name":"Voc\u00ea ser\u00e1 redirecionado"}]},{"@type":"WebSite","@id":"https:\/\/mulherinteressante.net\/#website","url":"https:\/\/mulherinteressante.net\/","name":"Mulher Interessante","description":"Not\u00edcias e muito mais","potentialAction":[{"@type":"SearchAction","target":{"@type":"EntryPoint","urlTemplate":"https:\/\/mulherinteressante.net\/?s={search_term_string}"},"query-input":{"@type":"PropertyValueSpecification","valueRequired":true,"valueName":"search_term_string"}}],"inLanguage":"es"}]}},"_links":{"self":[{"href":"https:\/\/mulherinteressante.net\/es\/wp-json\/wp\/v2\/pages\/9184","targetHints":{"allow":["GET"]}}],"collection":[{"href":"https:\/\/mulherinteressante.net\/es\/wp-json\/wp\/v2\/pages"}],"about":[{"href":"https:\/\/mulherinteressante.net\/es\/wp-json\/wp\/v2\/types\/page"}],"author":[{"embeddable":true,"href":"https:\/\/mulherinteressante.net\/es\/wp-json\/wp\/v2\/users\/1"}],"replies":[{"embeddable":true,"href":"https:\/\/mulherinteressante.net\/es\/wp-json\/wp\/v2\/comments?post=9184"}],"version-history":[{"count":10,"href":"https:\/\/mulherinteressante.net\/es\/wp-json\/wp\/v2\/pages\/9184\/revisions"}],"predecessor-version":[{"id":9195,"href":"https:\/\/mulherinteressante.net\/es\/wp-json\/wp\/v2\/pages\/9184\/revisions\/9195"}],"wp:attachment":[{"href":"https:\/\/mulherinteressante.net\/es\/wp-json\/wp\/v2\/media?parent=9184"}],"curies":[{"name":"wp","href":"https:\/\/api.w.org\/{rel}","templated":true}]}}